{"id":10499,"date":"2023-03-02T20:07:40","date_gmt":"2023-03-03T01:07:40","guid":{"rendered":"https:\/\/www.sigmagroup.aero\/coral\/goverment\/"},"modified":"2023-05-15T11:39:40","modified_gmt":"2023-05-15T15:39:40","slug":"gobierno","status":"publish","type":"page","link":"https:\/\/www.sigmagroup.aero\/es\/gobierno\/","title":{"rendered":"Gobierno"},"content":{"rendered":"<p>[et_pb_section fb_built=&#8221;1&#8243; admin_label=&#8221;Hero&#8221; _builder_version=&#8221;4.16&#8243; custom_padding=&#8221;|0px|0px|0px&#8221; global_colors_info=&#8221;{}&#8221;][et_pb_row _builder_version=&#8221;4.16&#8243; background_size=&#8221;initial&#8221; background_position=&#8221;top_left&#8221; background_repeat=&#8221;repeat&#8221; max_width=&#8221;700px&#8221; use_custom_width=&#8221;on&#8221; custom_width_px=&#8221;700px&#8221; global_colors_info=&#8221;{}&#8221;][et_pb_column type=&#8221;4_4&#8243; _builder_version=&#8221;4.16&#8243; custom_padding=&#8221;|||&#8221; global_colors_info=&#8221;{}&#8221; custom_padding__hover=&#8221;|||&#8221;][et_pb_text admin_label=&#8221;Aircraft Sales&#8221; _builder_version=&#8221;4.20.0&#8243; text_font=&#8221;Teko||||||||&#8221; text_font_size=&#8221;26px&#8221; text_line_height=&#8221;1.2em&#8221; header_font=&#8221;Teko|||on|||||&#8221; header_text_color=&#8221;#ffffff&#8221; header_font_size=&#8221;96px&#8221; header_letter_spacing=&#8221;2px&#8221; header_line_height=&#8221;0.9em&#8221; text_orientation=&#8221;center&#8221; custom_margin=&#8221;40px||||false|false&#8221; header_font_size_tablet=&#8221;66px&#8221; header_font_size_phone=&#8221;15vw&#8221; header_font_size_last_edited=&#8221;on|phone&#8221; global_colors_info=&#8221;{}&#8221;]<\/p>\n<h1>Gobierno<\/h1>\n<p>[\/et_pb_text][\/et_pb_column][\/et_pb_row][\/et_pb_section][et_pb_section fb_built=&#8221;1&#8243; fullwidth=&#8221;on&#8221; module_id=&#8221;aircraft_header&#8221; _builder_version=&#8221;4.20.0&#8243; background_color=&#8221;#000000&#8243; custom_margin=&#8221;-200px|||&#8221; bottom_divider_style=&#8221;arrow&#8221; bottom_divider_color=&#8221;#ffffff&#8221; bottom_divider_height_tablet=&#8221;&#8221; bottom_divider_height_phone=&#8221;50px&#8221; bottom_divider_height_last_edited=&#8221;on|phone&#8221; animation_direction=&#8221;top&#8221; custom_css_main_element=&#8221;max-height: 400px;&#8221; global_colors_info=&#8221;{}&#8221;][et_pb_fullwidth_image src=&#8221;https:\/\/www.sigmagroup.aero\/wp-content\/uploads\/2023\/03\/goverment-slider2.jpg&#8221; alt=&#8221;Sigma Aviation Group&#8221; title_text=&#8221;goverment-slider2&#8243; _builder_version=&#8221;4.20.0&#8243; animation_style=&#8221;fade&#8221; global_colors_info=&#8221;{}&#8221;][\/et_pb_fullwidth_image][\/et_pb_section][et_pb_section fb_built=&#8221;1&#8243; admin_label=&#8221;Features&#8221; _builder_version=&#8221;4.20.0&#8243; background_color=&#8221;#000000&#8243; custom_margin=&#8221;0px||0px|&#8221; custom_padding=&#8221;0px||0px|&#8221; global_colors_info=&#8221;{}&#8221;][et_pb_row _builder_version=&#8221;4.16&#8243; custom_margin=&#8221;0px||0px|&#8221; custom_padding=&#8221;0px||0px|&#8221; global_colors_info=&#8221;{}&#8221;][et_pb_column type=&#8221;4_4&#8243; _builder_version=&#8221;4.16&#8243; custom_padding=&#8221;|||&#8221; global_colors_info=&#8221;{}&#8221; custom_padding__hover=&#8221;|||&#8221;][et_pb_dcsbcm_divi_breadcrumbs_module hide_currentbreadcrumb=&#8221;off&#8221; _builder_version=&#8221;4.16&#8243; fontsbreadcrumblinks_font_size_tablet=&#8221;51&#8243; fontsbreadcrumblinks_line_height_tablet=&#8221;2&#8243; global_colors_info=&#8221;{}&#8221; fontsbreadcrumbs_font_size_tablet=&#8221;51&#8243; fontsbreadcrumbs_line_height_tablet=&#8221;2&#8243; fontsseperator_font_size_tablet=&#8221;51&#8243; fontsseperator_line_height_tablet=&#8221;2&#8243;][\/et_pb_dcsbcm_divi_breadcrumbs_module][\/et_pb_column][\/et_pb_row][et_pb_row _builder_version=&#8221;4.20.0&#8243; background_color=&#8221;RGBA(255,255,255,0)&#8221; custom_margin=&#8221;0px||0px|&#8221; custom_padding=&#8221;0px||0px|&#8221; global_colors_info=&#8221;{}&#8221;][et_pb_column type=&#8221;4_4&#8243; _builder_version=&#8221;4.16&#8243; custom_padding=&#8221;|||&#8221; global_colors_info=&#8221;{}&#8221; custom_padding__hover=&#8221;|||&#8221;][et_pb_text admin_label=&#8221;Aircraft Sales Title&#8221; _builder_version=&#8221;4.20.0&#8243; text_text_color=&#8221;#0068bc&#8221; header_3_font=&#8221;Teko||||||||&#8221; header_3_font_size=&#8221;40px&#8221; header_3_line_height=&#8221;1.2em&#8221; custom_margin=&#8221;||15px|&#8221; border_color_all=&#8221;rgba(51,51,51,0.12)&#8221; border_width_bottom=&#8221;1px&#8221; global_colors_info=&#8221;{}&#8221;]<\/p>\n<h3 style=\"color:#0068BC;\">Procuramiento del Gobierno<\/h3>\n<p>[\/et_pb_text][\/et_pb_column][\/et_pb_row][et_pb_row _builder_version=&#8221;4.16&#8243; custom_margin=&#8221;0px||0px|&#8221; custom_padding=&#8221;0|0px|27px|0px|false|false&#8221; global_colors_info=&#8221;{}&#8221;][et_pb_column type=&#8221;4_4&#8243; _builder_version=&#8221;4.16&#8243; custom_padding=&#8221;|||&#8221; global_colors_info=&#8221;{}&#8221; custom_padding__hover=&#8221;|||&#8221;][et_pb_text admin_label=&#8221;Intro Text&#8221; _builder_version=&#8221;4.20.0&#8243; text_font=&#8221;Lato||||||||&#8221; text_text_color=&#8221;#FFFFFF&#8221; text_font_size=&#8221;18px&#8221; text_line_height=&#8221;1.8em&#8221; global_colors_info=&#8221;{}&#8221;]Nuestra red de proveedores de armas y municiones ubicados en todos los continentes puede ofrecer una soluci\u00f3n rentable que se ajuste a su presupuesto en cualquier plataforma para diversos escenarios t\u00e1cticos. Ya sea que la misi\u00f3n sea defender activos a\u00e9reos, terrestres o mar\u00edtimos, nuestros expertos est\u00e1n disponibles para asesorar y brindar las herramientas necesarias para cumplir con los objetivos estrat\u00e9gicos de cualquier misi\u00f3n.[\/et_pb_text][\/et_pb_column][\/et_pb_row][\/et_pb_section][et_pb_section fb_built=&#8221;1&#8243; _builder_version=&#8221;4.20.0&#8243; background_color=&#8221;#000000&#8243; global_colors_info=&#8221;{}&#8221;][et_pb_row column_structure=&#8221;1_2,1_2&#8243; _builder_version=&#8221;4.20.0&#8243; background_size=&#8221;initial&#8221; background_position=&#8221;top_left&#8221; background_repeat=&#8221;repeat&#8221; custom_margin=&#8221;||20px||false|false&#8221; global_colors_info=&#8221;{}&#8221;][et_pb_column type=&#8221;1_2&#8243; _builder_version=&#8221;4.16&#8243; custom_padding=&#8221;|||&#8221; global_colors_info=&#8221;{}&#8221; custom_padding__hover=&#8221;|||&#8221;][et_pb_image src=&#8221;https:\/\/www.sigmagroup.aero\/wp-content\/uploads\/2023\/03\/1-equipo-militar.jpg&#8221; title_text=&#8221;1-equipo-militar&#8221; align=&#8221;center&#8221; _builder_version=&#8221;4.20.0&#8243; _module_preset=&#8221;default&#8221; custom_margin=&#8221;||15px||false|false&#8221; global_colors_info=&#8221;{}&#8221;][\/et_pb_image][et_pb_text _builder_version=&#8221;4.20.0&#8243; _module_preset=&#8221;default&#8221; hover_enabled=&#8221;0&#8243; global_colors_info=&#8221;{}&#8221; sticky_enabled=&#8221;0&#8243;]<\/p>\n<h4 style=\"text-align: center; padding-bottom: 15px;\"> Equipo policial y militar: Uniformes policiales, antidisturbios, EMS y equipo militar<\/h4>\n<p style=\"text-align: center;\"> Material antidisturbios, material militar, material EMS y otros con representaciones.<\/p>\n<p>[\/et_pb_text][\/et_pb_column][et_pb_column type=&#8221;1_2&#8243; _builder_version=&#8221;4.16&#8243; custom_padding=&#8221;|||&#8221; global_colors_info=&#8221;{}&#8221; custom_padding__hover=&#8221;|||&#8221;][et_pb_image src=&#8221;https:\/\/www.sigmagroup.aero\/wp-content\/uploads\/2023\/03\/2-alimentos-deshidratos.jpg&#8221; title_text=&#8221;2-alimentos-deshidratos&#8221; align=&#8221;center&#8221; _builder_version=&#8221;4.20.0&#8243; _module_preset=&#8221;default&#8221; custom_margin=&#8221;||15px||false|false&#8221; global_colors_info=&#8221;{}&#8221;][\/et_pb_image][et_pb_text _builder_version=&#8221;4.20.0&#8243; _module_preset=&#8221;default&#8221; global_colors_info=&#8221;{}&#8221;]<\/p>\n<h4 style=\"text-align: center; padding-bottom: 15px;\"> Log\u00edstica y Adquisici\u00f3n de Alimentos<\/h4>\n<p style=\"text-align: center;\">A trav\u00e9s de alianzas estrat\u00e9gicas, Sigma Group est\u00e1 proporcionando alimentos deshidratados de Corea, productos crudos de Am\u00e9rica del Sur y servicios de l\u00f3gica de alimentos.<\/p>\n<p>[\/et_pb_text][\/et_pb_column][\/et_pb_row][et_pb_row column_structure=&#8221;1_2,1_2&#8243; _builder_version=&#8221;4.20.0&#8243; background_size=&#8221;initial&#8221; background_position=&#8221;top_left&#8221; background_repeat=&#8221;repeat&#8221; custom_margin=&#8221;||20px||false|false&#8221; global_colors_info=&#8221;{}&#8221;][et_pb_column type=&#8221;1_2&#8243; _builder_version=&#8221;4.16&#8243; custom_padding=&#8221;|||&#8221; global_colors_info=&#8221;{}&#8221; custom_padding__hover=&#8221;|||&#8221;][et_pb_image src=&#8221;https:\/\/www.sigmagroup.aero\/wp-content\/uploads\/2023\/03\/3-seguridad-naval-1.jpg&#8221; title_text=&#8221;3-seguridad-naval&#8221; align=&#8221;center&#8221; _builder_version=&#8221;4.20.0&#8243; _module_preset=&#8221;default&#8221; custom_margin=&#8221;||15px||false|false&#8221; global_colors_info=&#8221;{}&#8221;][\/et_pb_image][et_pb_text _builder_version=&#8221;4.20.0&#8243; _module_preset=&#8221;default&#8221; global_colors_info=&#8221;{}&#8221;]<\/p>\n<h4 style=\"text-align: center; padding-bottom: 15px;\"> Equipamiento y Seguridad Naval y Portuaria<\/h4>\n<p style=\"text-align: center;\">Embarcaciones, barcos, equipamiento portuario y todo el equipamiento relacionado con el mundo mar\u00edtimo.<\/p>\n<p>[\/et_pb_text][\/et_pb_column][et_pb_column type=&#8221;1_2&#8243; _builder_version=&#8221;4.16&#8243; custom_padding=&#8221;|||&#8221; global_colors_info=&#8221;{}&#8221; custom_padding__hover=&#8221;|||&#8221;][et_pb_image src=&#8221;https:\/\/www.sigmagroup.aero\/wp-content\/uploads\/2023\/03\/4-capacitacion.jpg&#8221; title_text=&#8221;4-capacitacion&#8221; align=&#8221;center&#8221; _builder_version=&#8221;4.20.0&#8243; _module_preset=&#8221;default&#8221; custom_margin=&#8221;||15px||false|false&#8221; global_colors_info=&#8221;{}&#8221;][\/et_pb_image][et_pb_text _builder_version=&#8221;4.20.0&#8243; _module_preset=&#8221;default&#8221; global_colors_info=&#8221;{}&#8221;]<\/p>\n<h4 style=\"text-align: center; padding-bottom: 15px;\">Capacitaci\u00f3n<br \/><\/h4>\n<p style=\"text-align: center;\">A trav\u00e9s de nuestras empresas colaboradoras Sigma ofrece formaci\u00f3n especializada en operaciones a\u00e9reas para personal militar, policial, EMS, bomberos y fuerzas de seguridad.<\/p>\n<p>[\/et_pb_text][\/et_pb_column][\/et_pb_row][et_pb_row column_structure=&#8221;1_4,1_2,1_4&#8243; _builder_version=&#8221;4.20.0&#8243; background_size=&#8221;initial&#8221; background_position=&#8221;top_left&#8221; background_repeat=&#8221;repeat&#8221; custom_margin=&#8221;||20px||false|false&#8221; global_colors_info=&#8221;{}&#8221;][et_pb_column type=&#8221;1_4&#8243; _builder_version=&#8221;4.16&#8243; custom_padding=&#8221;|||&#8221; global_colors_info=&#8221;{}&#8221; custom_padding__hover=&#8221;|||&#8221;][\/et_pb_column][et_pb_column type=&#8221;1_2&#8243; _builder_version=&#8221;4.16&#8243; custom_padding=&#8221;|||&#8221; global_colors_info=&#8221;{}&#8221; custom_padding__hover=&#8221;|||&#8221;][et_pb_image src=&#8221;https:\/\/www.sigmagroup.aero\/wp-content\/uploads\/2023\/03\/5-mantenimiento.jpg&#8221; title_text=&#8221;5-mantenimiento&#8221; align=&#8221;center&#8221; _builder_version=&#8221;4.20.0&#8243; _module_preset=&#8221;default&#8221; custom_margin=&#8221;||15px||false|false&#8221; global_colors_info=&#8221;{}&#8221;][\/et_pb_image][et_pb_text _builder_version=&#8221;4.20.0&#8243; _module_preset=&#8221;default&#8221; global_colors_info=&#8221;{}&#8221;]<\/p>\n<h4 style=\"text-align: center; padding-bottom: 15px;\">Mantenimiento<\/h4>\n<p style=\"text-align: center;\">A trav\u00e9s de nuestra red contamos con personal calificado para el mantenimiento de aeronaves y manejo de mantenimiento de flotas.<\/p>\n<p>[\/et_pb_text][\/et_pb_column][et_pb_column type=&#8221;1_4&#8243; _builder_version=&#8221;4.16&#8243; custom_padding=&#8221;|||&#8221; global_colors_info=&#8221;{}&#8221; custom_padding__hover=&#8221;|||&#8221;][\/et_pb_column][\/et_pb_row][\/et_pb_section]<\/p>\n","protected":false},"excerpt":{"rendered":"<p>GobiernoProcuramiento del GobiernoNuestra red de proveedores de armas y municiones ubicados en todos los continentes puede ofrecer una soluci\u00f3n rentable que se ajuste a su presupuesto en cualquier plataforma para diversos escenarios t\u00e1cticos. Ya sea que la misi\u00f3n sea defender activos a\u00e9reos, terrestres o mar\u00edtimos, nuestros expertos est\u00e1n disponibles para asesorar y brindar las herramientas [&hellip;]<\/p>\n","protected":false},"author":4,"featured_media":0,"parent":0,"menu_order":0,"comment_status":"closed","ping_status":"closed","template":"","meta":{"_acf_changed":false,"nf_dc_page":"","_et_pb_use_builder":"on","_et_pb_old_content":"","_et_gb_content_width":"","_monsterinsights_skip_tracking":false,"_monsterinsights_sitenote_active":false,"_monsterinsights_sitenote_note":"","_monsterinsights_sitenote_category":0,"_joinchat":[],"footnotes":""},"class_list":["post-10499","page","type-page","status-publish","hentry"],"acf":[],"yoast_head":"<title>Gobierno - Sigma Aviation Group<\/title>\n<meta name=\"description\" content=\"We take care of the marketing strategy, aircraft valuation, pre-purchase inspections and shipping logistics, to give a turnkey solution to our customers\" \/>\n<meta name=\"robots\" content=\"index, follow, max-snippet:-1, max-image-preview:large, max-video-preview:-1\" \/>\n<link rel=\"canonical\" href=\"https:\/\/www.sigmagroup.aero\/es\/gobierno\/\" \/>\n<meta property=\"og:locale\" content=\"es_ES\" \/>\n<meta property=\"og:type\" content=\"article\" \/>\n<meta property=\"og:title\" content=\"Gobierno - Sigma Aviation Group\" \/>\n<meta property=\"og:description\" content=\"We take care of the marketing strategy, aircraft valuation, pre-purchase inspections and shipping logistics, to give a turnkey solution to our customers\" \/>\n<meta property=\"og:url\" content=\"https:\/\/www.sigmagroup.aero\/es\/gobierno\/\" \/>\n<meta property=\"og:site_name\" content=\"Sigma Aviation Group\" \/>\n<meta property=\"article:modified_time\" content=\"2023-05-15T15:39:40+00:00\" \/>\n<meta name=\"twitter:card\" content=\"summary_large_image\" \/>\n<meta name=\"twitter:label1\" content=\"Tiempo de lectura\" \/>\n\t<meta name=\"twitter:data1\" content=\"2 minutos\" \/>\n<script type=\"application\/ld+json\" class=\"yoast-schema-graph\">{\"@context\":\"https:\\\/\\\/schema.org\",\"@graph\":[{\"@type\":\"WebPage\",\"@id\":\"https:\\\/\\\/www.sigmagroup.aero\\\/es\\\/gobierno\\\/\",\"url\":\"https:\\\/\\\/www.sigmagroup.aero\\\/es\\\/gobierno\\\/\",\"name\":\"Gobierno - Sigma Aviation Group\",\"isPartOf\":{\"@id\":\"https:\\\/\\\/www.sigmagroup.aero\\\/es\\\/#website\"},\"datePublished\":\"2023-03-03T01:07:40+00:00\",\"dateModified\":\"2023-05-15T15:39:40+00:00\",\"description\":\"We take care of the marketing strategy, aircraft valuation, pre-purchase inspections and shipping logistics, to give a turnkey solution to our customers\",\"breadcrumb\":{\"@id\":\"https:\\\/\\\/www.sigmagroup.aero\\\/es\\\/gobierno\\\/#breadcrumb\"},\"inLanguage\":\"es\",\"potentialAction\":[{\"@type\":\"ReadAction\",\"target\":[\"https:\\\/\\\/www.sigmagroup.aero\\\/es\\\/gobierno\\\/\"]}]},{\"@type\":\"BreadcrumbList\",\"@id\":\"https:\\\/\\\/www.sigmagroup.aero\\\/es\\\/gobierno\\\/#breadcrumb\",\"itemListElement\":[{\"@type\":\"ListItem\",\"position\":1,\"name\":\"Home\",\"item\":\"https:\\\/\\\/www.sigmagroup.aero\\\/es\\\/\"},{\"@type\":\"ListItem\",\"position\":2,\"name\":\"Gobierno\"}]},{\"@type\":\"WebSite\",\"@id\":\"https:\\\/\\\/www.sigmagroup.aero\\\/es\\\/#website\",\"url\":\"https:\\\/\\\/www.sigmagroup.aero\\\/es\\\/\",\"name\":\"Sigma Aviation Group\",\"description\":\"\",\"publisher\":{\"@id\":\"https:\\\/\\\/www.sigmagroup.aero\\\/es\\\/#organization\"},\"potentialAction\":[{\"@type\":\"SearchAction\",\"target\":{\"@type\":\"EntryPoint\",\"urlTemplate\":\"https:\\\/\\\/www.sigmagroup.aero\\\/es\\\/?s={search_term_string}\"},\"query-input\":{\"@type\":\"PropertyValueSpecification\",\"valueRequired\":true,\"valueName\":\"search_term_string\"}}],\"inLanguage\":\"es\"},{\"@type\":\"Organization\",\"@id\":\"https:\\\/\\\/www.sigmagroup.aero\\\/es\\\/#organization\",\"name\":\"Sigma Aviation Group\",\"url\":\"https:\\\/\\\/www.sigmagroup.aero\\\/es\\\/\",\"logo\":{\"@type\":\"ImageObject\",\"inLanguage\":\"es\",\"@id\":\"https:\\\/\\\/www.sigmagroup.aero\\\/es\\\/#\\\/schema\\\/logo\\\/image\\\/\",\"url\":\"https:\\\/\\\/www.sigmagroup.aero\\\/wp-content\\\/uploads\\\/2018\\\/11\\\/Logo-Sigma-Aviation-Group-Color.jpg\",\"contentUrl\":\"https:\\\/\\\/www.sigmagroup.aero\\\/wp-content\\\/uploads\\\/2018\\\/11\\\/Logo-Sigma-Aviation-Group-Color.jpg\",\"width\":888,\"height\":300,\"caption\":\"Sigma Aviation Group\"},\"image\":{\"@id\":\"https:\\\/\\\/www.sigmagroup.aero\\\/es\\\/#\\\/schema\\\/logo\\\/image\\\/\"}}]}<\/script>","yoast_head_json":{"title":"Gobierno - Sigma Aviation Group","description":"We take care of the marketing strategy, aircraft valuation, pre-purchase inspections and shipping logistics, to give a turnkey solution to our customers","robots":{"index":"index","follow":"follow","max-snippet":"max-snippet:-1","max-image-preview":"max-image-preview:large","max-video-preview":"max-video-preview:-1"},"canonical":"https:\/\/www.sigmagroup.aero\/es\/gobierno\/","og_locale":"es_ES","og_type":"article","og_title":"Gobierno - Sigma Aviation Group","og_description":"We take care of the marketing strategy, aircraft valuation, pre-purchase inspections and shipping logistics, to give a turnkey solution to our customers","og_url":"https:\/\/www.sigmagroup.aero\/es\/gobierno\/","og_site_name":"Sigma Aviation Group","article_modified_time":"2023-05-15T15:39:40+00:00","twitter_card":"summary_large_image","twitter_misc":{"Tiempo de lectura":"2 minutos"},"schema":{"@context":"https:\/\/schema.org","@graph":[{"@type":"WebPage","@id":"https:\/\/www.sigmagroup.aero\/es\/gobierno\/","url":"https:\/\/www.sigmagroup.aero\/es\/gobierno\/","name":"Gobierno - Sigma Aviation Group","isPartOf":{"@id":"https:\/\/www.sigmagroup.aero\/es\/#website"},"datePublished":"2023-03-03T01:07:40+00:00","dateModified":"2023-05-15T15:39:40+00:00","description":"We take care of the marketing strategy, aircraft valuation, pre-purchase inspections and shipping logistics, to give a turnkey solution to our customers","breadcrumb":{"@id":"https:\/\/www.sigmagroup.aero\/es\/gobierno\/#breadcrumb"},"inLanguage":"es","potentialAction":[{"@type":"ReadAction","target":["https:\/\/www.sigmagroup.aero\/es\/gobierno\/"]}]},{"@type":"BreadcrumbList","@id":"https:\/\/www.sigmagroup.aero\/es\/gobierno\/#breadcrumb","itemListElement":[{"@type":"ListItem","position":1,"name":"Home","item":"https:\/\/www.sigmagroup.aero\/es\/"},{"@type":"ListItem","position":2,"name":"Gobierno"}]},{"@type":"WebSite","@id":"https:\/\/www.sigmagroup.aero\/es\/#website","url":"https:\/\/www.sigmagroup.aero\/es\/","name":"Sigma Aviation Group","description":"","publisher":{"@id":"https:\/\/www.sigmagroup.aero\/es\/#organization"},"potentialAction":[{"@type":"SearchAction","target":{"@type":"EntryPoint","urlTemplate":"https:\/\/www.sigmagroup.aero\/es\/?s={search_term_string}"},"query-input":{"@type":"PropertyValueSpecification","valueRequired":true,"valueName":"search_term_string"}}],"inLanguage":"es"},{"@type":"Organization","@id":"https:\/\/www.sigmagroup.aero\/es\/#organization","name":"Sigma Aviation Group","url":"https:\/\/www.sigmagroup.aero\/es\/","logo":{"@type":"ImageObject","inLanguage":"es","@id":"https:\/\/www.sigmagroup.aero\/es\/#\/schema\/logo\/image\/","url":"https:\/\/www.sigmagroup.aero\/wp-content\/uploads\/2018\/11\/Logo-Sigma-Aviation-Group-Color.jpg","contentUrl":"https:\/\/www.sigmagroup.aero\/wp-content\/uploads\/2018\/11\/Logo-Sigma-Aviation-Group-Color.jpg","width":888,"height":300,"caption":"Sigma Aviation Group"},"image":{"@id":"https:\/\/www.sigmagroup.aero\/es\/#\/schema\/logo\/image\/"}}]}},"_links":{"self":[{"href":"https:\/\/www.sigmagroup.aero\/es\/wp-json\/wp\/v2\/pages\/10499","targetHints":{"allow":["GET"]}}],"collection":[{"href":"https:\/\/www.sigmagroup.aero\/es\/wp-json\/wp\/v2\/pages"}],"about":[{"href":"https:\/\/www.sigmagroup.aero\/es\/wp-json\/wp\/v2\/types\/page"}],"author":[{"embeddable":true,"href":"https:\/\/www.sigmagroup.aero\/es\/wp-json\/wp\/v2\/users\/4"}],"replies":[{"embeddable":true,"href":"https:\/\/www.sigmagroup.aero\/es\/wp-json\/wp\/v2\/comments?post=10499"}],"version-history":[{"count":4,"href":"https:\/\/www.sigmagroup.aero\/es\/wp-json\/wp\/v2\/pages\/10499\/revisions"}],"predecessor-version":[{"id":11007,"href":"https:\/\/www.sigmagroup.aero\/es\/wp-json\/wp\/v2\/pages\/10499\/revisions\/11007"}],"wp:attachment":[{"href":"https:\/\/www.sigmagroup.aero\/es\/wp-json\/wp\/v2\/media?parent=10499"}],"curies":[{"name":"wp","href":"https:\/\/api.w.org\/{rel}","templated":true}]}}